{"id":92,"date":"2022-01-01T13:40:47","date_gmt":"2022-01-01T12:40:47","guid":{"rendered":"http:\/\/le3.ovh\/?page_id=92"},"modified":"2025-06-27T10:59:21","modified_gmt":"2025-06-27T08:59:21","slug":"pour-venir","status":"publish","type":"page","link":"https:\/\/le3.ovh\/index.php\/pour-venir\/","title":{"rendered":"Pour venir"},"content":{"rendered":"\n<p>A partir de Metz 4heures est le plus rapide sans quitter l&#8217;autoroute sauf au nord de Dijon o\u00f9 il faut emprunter la contournante qui s&#8217;emprunte \u00e0 la sortie de Sainte Appolinaire<\/p>\n\n\n\n<figure class=\"wp-block-image size-large\"><img loading=\"lazy\" decoding=\"async\" width=\"1024\" height=\"864\" src=\"http:\/\/le3.ovh\/wp-content\/uploads\/2025\/06\/metz-1024x864.jpeg\" alt=\"\" class=\"wp-image-422\" srcset=\"https:\/\/le3.ovh\/wp-content\/uploads\/2025\/06\/metz-1024x864.jpeg 1024w, https:\/\/le3.ovh\/wp-content\/uploads\/2025\/06\/metz-300x253.jpeg 300w, https:\/\/le3.ovh\/wp-content\/uploads\/2025\/06\/metz-768x648.jpeg 768w, https:\/\/le3.ovh\/wp-content\/uploads\/2025\/06\/metz.jpeg 1284w\" sizes=\"auto, (max-width: 706px) 89vw, (max-width: 767px) 82vw, 740px\" \/><\/figure>\n\n\n\n<p class=\"has-text-color has-medium-font-size\" style=\"color:#0033a3\">A partir de Strasbourg il faut compter 4:32 en respectant les limitations de vitesse. 5 heures avec une pause. Le trajet se fait principalement par autoroute <\/p>\n\n\n\n<p class=\"has-text-color has-medium-font-size\" style=\"color:#0033a3\">1) D&#8217;abord la A31 sur la Contoise jusqu&#8217;\u00e0 l&#8217;\u00e9changeur de Beaunes (ne pas prendre l&#8217;\u00e9changeur Dijon Paris sur la Contoise c&#8217;est un d\u00e9tour) <\/p>\n\n\n\n<p class=\"has-text-color has-medium-font-size\" style=\"color:#0033a3\">2) Maintenir la direction Lyon jusqu&#8217;\u00e0 l&#8217;\u00e9changeur de Beaunes. <\/p>\n\n\n\n<p class=\"has-text-color has-medium-font-size\" style=\"color:#0033a3\">3) Apr\u00e8s l&#8217;\u00e9changeur prendre l&#8217;autoroute du soleil A6 direction Paris. <\/p>\n\n\n\n<p class=\"has-text-color has-medium-font-size\" style=\"color:#0033a3\">4) Sortie Avallon (attention il y a des f\u00e9es les jours de brume)<\/p>\n\n\n<div class=\"wp-block-image\">\n<figure class=\"aligncenter\"><img loading=\"lazy\" decoding=\"async\" width=\"669\" height=\"1024\" src=\"http:\/\/le3.ovh\/wp-content\/uploads\/2019\/10\/IMG_501389EA7167-1-669x1024.jpg\" alt=\"\" class=\"wp-image-106\" srcset=\"https:\/\/le3.ovh\/wp-content\/uploads\/2019\/10\/IMG_501389EA7167-1-669x1024.jpg 669w, https:\/\/le3.ovh\/wp-content\/uploads\/2019\/10\/IMG_501389EA7167-1-196x300.jpg 196w, https:\/\/le3.ovh\/wp-content\/uploads\/2019\/10\/IMG_501389EA7167-1-768x1176.jpg 768w, https:\/\/le3.ovh\/wp-content\/uploads\/2019\/10\/IMG_501389EA7167-1.jpg 1125w\" sizes=\"auto, (max-width: 669px) 100vw, 669px\" \/><\/figure>\n<\/div>\n\n\n<p class=\"has-vivid-red-color has-text-color has-link-color has-large-font-size wp-elements-e262d8ec13638266db3564821a538d2a\"><strong>A partir d&#8217;Avallon<\/strong><\/p>\n\n\n\n<p class=\"has-text-color has-medium-font-size\" style=\"color:#a32700\">Un conseil : depuis Avallon, le GPS vous fera emprunter la route en bleu fonc\u00e9, c&#8217;est plein de virage et la chauss\u00e9e est tr\u00e8s \u00e9troite. Le mieux est de continuer tout droit \u00e0 Pontaubert, c&#8217;est bien plus agr\u00e9able \u00e0 la conduite avec de surcroit une belle vue sur V\u00e9zelay.<\/p>\n\n\n\n<p class=\"has-vivid-green-cyan-color has-text-color has-medium-font-size\"><strong>Itin\u00e9raire conseill\u00e9 Avallon &#8211; Pontaubert &#8211; Font\u00eate &#8211; Saint P\u00e8re. Dans Saint P\u00e8re \u00e0 gauche suivre Bazoches<\/strong>.<strong> Sur la carte c&#8217;est la ligne bleue du haut<\/strong><\/p>\n\n\n\n<figure class=\"wp-block-image\"><img loading=\"lazy\" decoding=\"async\" width=\"656\" height=\"1024\" src=\"http:\/\/le3.ovh\/wp-content\/uploads\/2019\/10\/IMG_BBBD16A724E5-1-656x1024.jpg\" alt=\"\" class=\"wp-image-130\" srcset=\"https:\/\/le3.ovh\/wp-content\/uploads\/2019\/10\/IMG_BBBD16A724E5-1-656x1024.jpg 656w, https:\/\/le3.ovh\/wp-content\/uploads\/2019\/10\/IMG_BBBD16A724E5-1-192x300.jpg 192w, https:\/\/le3.ovh\/wp-content\/uploads\/2019\/10\/IMG_BBBD16A724E5-1-768x1199.jpg 768w, https:\/\/le3.ovh\/wp-content\/uploads\/2019\/10\/IMG_BBBD16A724E5-1.jpg 1125w\" sizes=\"auto, (max-width: 656px) 100vw, 656px\" \/><\/figure>\n\n\n\n<p class=\"has-text-color has-medium-font-size\" style=\"color:#0509c9\">D&#8217;Avallon direction V\u00e9zelay, une grande descente vers Pontaubert, la travers\u00e9e de Fontette avec ses pav\u00e9s, continuer jusqu&#8217;\u00e0 Saint P\u00e8re. Dans Saint P\u00e8re prendre \u00e0 gauche direction Bazoches. Au passage retenez la visite de l&#8217;\u00e9glise de Saint P\u00e8re.<\/p>\n\n\n\n<p class=\"has-text-color has-medium-font-size\" style=\"color:#060cc4\">De Saint P\u00e8re c&#8217;est tout droit, Seigland puis Pierre Perthuis tr\u00e8s beau village avec ses rochers qui dominent la Cure, son pont Romain.<\/p>\n\n\n\n<p class=\"has-text-color has-medium-font-size\" style=\"color:#0632b7\">Bazoches, enfin ! Le ch\u00e2teau est en hauteur sur la gauche. Prendre \u00e0 gauche tout de suite au cimeti\u00e8re avant l&#8217;entr\u00e9e du village. Cela monte. Arriv\u00e9e sur un carrefour, Le 3 est juste l\u00e0.<\/p>\n\n\n\n<p><\/p>\n","protected":false},"excerpt":{"rendered":"<p>A partir de Metz 4heures est le plus rapide sans quitter l&#8217;autoroute sauf au nord de Dijon o\u00f9 il faut emprunter la contournante qui s&#8217;emprunte \u00e0 la sortie de Sainte Appolinaire A partir de Strasbourg il faut compter 4:32 en respectant les limitations de vitesse. 5 heures avec une pause. Le trajet se fait principalement &hellip; <\/p>\n<p class=\"link-more\"><a href=\"https:\/\/le3.ovh\/index.php\/pour-venir\/\" class=\"more-link\">Continue reading<span class=\"screen-reader-text\"> &#8220;Pour venir&#8221;<\/span><\/a><\/p>\n","protected":false},"author":1,"featured_media":0,"parent":0,"menu_order":1,"comment_status":"closed","ping_status":"closed","template":"","meta":{"footnotes":""},"class_list":["post-92","page","type-page","status-publish","hentry"],"_links":{"self":[{"href":"https:\/\/le3.ovh\/index.php\/wp-json\/wp\/v2\/pages\/92","targetHints":{"allow":["GET"]}}],"collection":[{"href":"https:\/\/le3.ovh\/index.php\/wp-json\/wp\/v2\/pages"}],"about":[{"href":"https:\/\/le3.ovh\/index.php\/wp-json\/wp\/v2\/types\/page"}],"author":[{"embeddable":true,"href":"https:\/\/le3.ovh\/index.php\/wp-json\/wp\/v2\/users\/1"}],"replies":[{"embeddable":true,"href":"https:\/\/le3.ovh\/index.php\/wp-json\/wp\/v2\/comments?post=92"}],"version-history":[{"count":7,"href":"https:\/\/le3.ovh\/index.php\/wp-json\/wp\/v2\/pages\/92\/revisions"}],"predecessor-version":[{"id":424,"href":"https:\/\/le3.ovh\/index.php\/wp-json\/wp\/v2\/pages\/92\/revisions\/424"}],"wp:attachment":[{"href":"https:\/\/le3.ovh\/index.php\/wp-json\/wp\/v2\/media?parent=92"}],"curies":[{"name":"wp","href":"https:\/\/api.w.org\/{rel}","templated":true}]}}