{"id":86,"date":"2019-10-13T13:26:18","date_gmt":"2019-10-13T11:26:18","guid":{"rendered":"http:\/\/le3.ovh\/?page_id=86"},"modified":"2022-08-04T16:52:26","modified_gmt":"2022-08-04T14:52:26","slug":"penser-a","status":"publish","type":"page","link":"https:\/\/le3.ovh\/index.php\/pour-venir\/penser-a\/","title":{"rendered":"Penser \u00e0&#8230;"},"content":{"rendered":"\n<p class=\"has-medium-font-size\"><strong>Voil\u00e0 une petite liste de choses qu&#8217;il faudra pr\u00e9voir dans ses bagages :<\/strong><\/p>\n\n\n\n<p class=\"has-medium-font-size\">trousse de toilette<\/p>\n\n\n\n<p class=\"has-medium-font-size\">pantoufles<\/p>\n\n\n\n<p class=\"has-medium-font-size\">repas \u00e0 emmener ou \u00e0 acheter sur place<\/p>\n\n\n\n<p class=\"has-medium-font-size\">son livre favori<\/p>\n\n\n\n<p class=\"has-medium-font-size\">son film pr\u00e9f\u00e9r\u00e9 sur CD ou cl\u00e9 usb<\/p>\n\n\n\n<p class=\"has-medium-font-size\">chaussures de marche<\/p>\n\n\n\n<p class=\"has-medium-font-size\">les draps, les couvertures et les serviettes sont fournies<\/p>\n\n\n\n<p><br><\/p>\n","protected":false},"excerpt":{"rendered":"<p>Voil\u00e0 une petite liste de choses qu&#8217;il faudra pr\u00e9voir dans ses bagages : trousse de toilette pantoufles repas \u00e0 emmener ou \u00e0 acheter sur place son livre favori son film pr\u00e9f\u00e9r\u00e9 sur CD ou cl\u00e9 usb chaussures de marche les draps, les couvertures et les serviettes sont fournies<\/p>\n","protected":false},"author":1,"featured_media":0,"parent":92,"menu_order":3,"comment_status":"closed","ping_status":"closed","template":"","meta":{"footnotes":""},"class_list":["post-86","page","type-page","status-publish","hentry"],"_links":{"self":[{"href":"https:\/\/le3.ovh\/index.php\/wp-json\/wp\/v2\/pages\/86","targetHints":{"allow":["GET"]}}],"collection":[{"href":"https:\/\/le3.ovh\/index.php\/wp-json\/wp\/v2\/pages"}],"about":[{"href":"https:\/\/le3.ovh\/index.php\/wp-json\/wp\/v2\/types\/page"}],"author":[{"embeddable":true,"href":"https:\/\/le3.ovh\/index.php\/wp-json\/wp\/v2\/users\/1"}],"replies":[{"embeddable":true,"href":"https:\/\/le3.ovh\/index.php\/wp-json\/wp\/v2\/comments?post=86"}],"version-history":[{"count":5,"href":"https:\/\/le3.ovh\/index.php\/wp-json\/wp\/v2\/pages\/86\/revisions"}],"predecessor-version":[{"id":368,"href":"https:\/\/le3.ovh\/index.php\/wp-json\/wp\/v2\/pages\/86\/revisions\/368"}],"up":[{"embeddable":true,"href":"https:\/\/le3.ovh\/index.php\/wp-json\/wp\/v2\/pages\/92"}],"wp:attachment":[{"href":"https:\/\/le3.ovh\/index.php\/wp-json\/wp\/v2\/media?parent=86"}],"curies":[{"name":"wp","href":"https:\/\/api.w.org\/{rel}","templated":true}]}}