{"id":413,"date":"2025-06-27T10:52:35","date_gmt":"2025-06-27T08:52:35","guid":{"rendered":"http:\/\/le3.ovh\/?page_id=413"},"modified":"2025-06-27T11:05:32","modified_gmt":"2025-06-27T09:05:32","slug":"les-restaurants-autour-de-bazoches","status":"publish","type":"page","link":"https:\/\/le3.ovh\/index.php\/pour-venir\/les-restaurants-autour-de-bazoches\/","title":{"rendered":"Les restaurants"},"content":{"rendered":"\n<p class=\"has-vivid-cyan-blue-color has-text-color has-link-color has-medium-font-size wp-elements-dbea3976a051bf44e9c33dfd4429184a\"><strong>Cuisine Angeline Avallon<\/strong><\/p>\n\n\n\n<p class=\"has-vivid-cyan-blue-color has-text-color has-link-color has-medium-font-size wp-elements-13e4352f7aef084bb92d5a391e68f299\"><strong>Excellent choix pour 60\u20ac par personne, cuisine soign\u00e9e, sophistiqu\u00e9e et simple 0672604191<\/strong><\/p>\n\n\n\n<figure class=\"wp-block-image size-large\"><img loading=\"lazy\" decoding=\"async\" width=\"1024\" height=\"488\" src=\"http:\/\/le3.ovh\/wp-content\/uploads\/2025\/06\/Angelinee-1024x488.jpeg\" alt=\"\" class=\"wp-image-415\" srcset=\"https:\/\/le3.ovh\/wp-content\/uploads\/2025\/06\/Angelinee-1024x488.jpeg 1024w, https:\/\/le3.ovh\/wp-content\/uploads\/2025\/06\/Angelinee-300x143.jpeg 300w, https:\/\/le3.ovh\/wp-content\/uploads\/2025\/06\/Angelinee-768x366.jpeg 768w, https:\/\/le3.ovh\/wp-content\/uploads\/2025\/06\/Angelinee.jpeg 1284w\" sizes=\"auto, (max-width: 706px) 89vw, (max-width: 767px) 82vw, 740px\" \/><\/figure>\n\n\n\n<p class=\"has-vivid-purple-color has-text-color has-link-color has-medium-font-size wp-elements-f511b9d413cc6764118bf54e658f5b79\"><strong>Le 1815, le restaurant de monsieur Cohen<\/strong><\/p>\n\n\n\n<p class=\"has-vivid-purple-color has-text-color has-link-color has-medium-font-size wp-elements-ffb55214eae3ee78a0f8c298036e56a6\"><strong>Semi gastronomique en attente d&#8217;une \u00e9toile au Michelin, le premier menu est \u00e0 59\u20ac avec un service tout \u00e0 fait \u00e0 la hauteur<\/strong><\/p>\n\n\n\n<figure class=\"wp-block-image size-large\"><img loading=\"lazy\" decoding=\"async\" width=\"1024\" height=\"517\" src=\"http:\/\/le3.ovh\/wp-content\/uploads\/2025\/06\/1815-1024x517.jpeg\" alt=\"\" class=\"wp-image-416\" srcset=\"https:\/\/le3.ovh\/wp-content\/uploads\/2025\/06\/1815-1024x517.jpeg 1024w, https:\/\/le3.ovh\/wp-content\/uploads\/2025\/06\/1815-300x151.jpeg 300w, https:\/\/le3.ovh\/wp-content\/uploads\/2025\/06\/1815-768x388.jpeg 768w, https:\/\/le3.ovh\/wp-content\/uploads\/2025\/06\/1815.jpeg 1226w\" sizes=\"auto, (max-width: 706px) 89vw, (max-width: 767px) 82vw, 740px\" \/><\/figure>\n\n\n\n<p><\/p>\n\n\n\n<p class=\"has-vivid-cyan-blue-color has-text-color has-link-color has-medium-font-size wp-elements-eaa2c7a34978b7ea31ef41ca6a6b2ba2\"><strong>Le Tib\u00e9tain Avallon<\/strong><\/p>\n\n\n\n<p class=\"has-vivid-cyan-blue-color has-text-color has-link-color has-medium-font-size wp-elements-c068df11e887ae565427d6fec7e1dbc7\"><strong>Pas cher et tr\u00e8s bon avec un service genre tib\u00e9tain..<\/strong>.<\/p>\n\n\n\n<figure class=\"wp-block-image size-large\"><img loading=\"lazy\" decoding=\"async\" width=\"1024\" height=\"507\" src=\"http:\/\/le3.ovh\/wp-content\/uploads\/2025\/06\/ttibetain-1024x507.jpeg\" alt=\"\" class=\"wp-image-418\" srcset=\"https:\/\/le3.ovh\/wp-content\/uploads\/2025\/06\/ttibetain-1024x507.jpeg 1024w, https:\/\/le3.ovh\/wp-content\/uploads\/2025\/06\/ttibetain-300x148.jpeg 300w, https:\/\/le3.ovh\/wp-content\/uploads\/2025\/06\/ttibetain-768x380.jpeg 768w, https:\/\/le3.ovh\/wp-content\/uploads\/2025\/06\/ttibetain.jpeg 1217w\" sizes=\"auto, (max-width: 706px) 89vw, (max-width: 767px) 82vw, 740px\" \/><\/figure>\n\n\n\n<p class=\"has-vivid-purple-color has-text-color has-link-color has-medium-font-size wp-elements-4982bbc635eeca93b8b84396ce66e7aa\"><strong>Le Dame Jeanne<\/strong> <strong>Avallon<\/strong><\/p>\n\n\n\n<p class=\"has-vivid-purple-color has-text-color has-link-color has-medium-font-size wp-elements-f3c585202737103a4c65b75f79b3e70e\"><strong>Un resto entre deux avec un service en continu. les desserts valent le d\u00e9placemen<\/strong>t<\/p>\n\n\n\n<figure class=\"wp-block-image size-large\"><img loading=\"lazy\" decoding=\"async\" width=\"1024\" height=\"510\" src=\"http:\/\/le3.ovh\/wp-content\/uploads\/2025\/06\/dame-1024x510.jpeg\" alt=\"\" class=\"wp-image-419\" srcset=\"https:\/\/le3.ovh\/wp-content\/uploads\/2025\/06\/dame-1024x510.jpeg 1024w, https:\/\/le3.ovh\/wp-content\/uploads\/2025\/06\/dame-300x150.jpeg 300w, https:\/\/le3.ovh\/wp-content\/uploads\/2025\/06\/dame-768x383.jpeg 768w, https:\/\/le3.ovh\/wp-content\/uploads\/2025\/06\/dame.jpeg 1236w\" sizes=\"auto, (max-width: 706px) 89vw, (max-width: 767px) 82vw, 740px\" \/><\/figure>\n\n\n\n<p><\/p>\n","protected":false},"excerpt":{"rendered":"<p>Cuisine Angeline Avallon Excellent choix pour 60\u20ac par personne, cuisine soign\u00e9e, sophistiqu\u00e9e et simple 0672604191 Le 1815, le restaurant de monsieur Cohen Semi gastronomique en attente d&#8217;une \u00e9toile au Michelin, le premier menu est \u00e0 59\u20ac avec un service tout \u00e0 fait \u00e0 la hauteur Le Tib\u00e9tain Avallon Pas cher et tr\u00e8s bon avec un &hellip; <\/p>\n<p class=\"link-more\"><a href=\"https:\/\/le3.ovh\/index.php\/pour-venir\/les-restaurants-autour-de-bazoches\/\" class=\"more-link\">Continue reading<span class=\"screen-reader-text\"> &#8220;Les restaurants&#8221;<\/span><\/a><\/p>\n","protected":false},"author":1,"featured_media":0,"parent":92,"menu_order":5,"comment_status":"closed","ping_status":"closed","template":"","meta":{"footnotes":""},"class_list":["post-413","page","type-page","status-publish","hentry"],"_links":{"self":[{"href":"https:\/\/le3.ovh\/index.php\/wp-json\/wp\/v2\/pages\/413","targetHints":{"allow":["GET"]}}],"collection":[{"href":"https:\/\/le3.ovh\/index.php\/wp-json\/wp\/v2\/pages"}],"about":[{"href":"https:\/\/le3.ovh\/index.php\/wp-json\/wp\/v2\/types\/page"}],"author":[{"embeddable":true,"href":"https:\/\/le3.ovh\/index.php\/wp-json\/wp\/v2\/users\/1"}],"replies":[{"embeddable":true,"href":"https:\/\/le3.ovh\/index.php\/wp-json\/wp\/v2\/comments?post=413"}],"version-history":[{"count":4,"href":"https:\/\/le3.ovh\/index.php\/wp-json\/wp\/v2\/pages\/413\/revisions"}],"predecessor-version":[{"id":426,"href":"https:\/\/le3.ovh\/index.php\/wp-json\/wp\/v2\/pages\/413\/revisions\/426"}],"up":[{"embeddable":true,"href":"https:\/\/le3.ovh\/index.php\/wp-json\/wp\/v2\/pages\/92"}],"wp:attachment":[{"href":"https:\/\/le3.ovh\/index.php\/wp-json\/wp\/v2\/media?parent=413"}],"curies":[{"name":"wp","href":"https:\/\/api.w.org\/{rel}","templated":true}]}}