{"id":375,"date":"2022-08-04T17:17:53","date_gmt":"2022-08-04T15:17:53","guid":{"rendered":"http:\/\/le3.ovh\/?page_id=375"},"modified":"2025-06-27T10:22:03","modified_gmt":"2025-06-27T08:22:03","slug":"charte","status":"publish","type":"page","link":"https:\/\/le3.ovh\/index.php\/charte\/","title":{"rendered":"Charte"},"content":{"rendered":"\n<h3 class=\"wp-block-heading has-vivid-green-cyan-color has-text-color has-medium-font-size\"><a href=\"http:\/\/le3.ovh\/index.php\/2019\/10\/13\/un-moment-au-calme\/?customize_changeset_uuid=d05b219c-00b7-4be6-a2c4-c6822a27c2fe&amp;customize_messenger_channel=preview-0\"><strong>Un moment au calme, au vert\u2026<\/strong><\/a><\/h3>\n\n\n\n<p class=\"has-vivid-purple-color has-very-light-gray-background-color has-text-color has-background has-medium-font-size\"><strong>Venir au 3 c\u2019est vivre un moment de calme, flairer l\u2019histoire de V\u00e9zelay, se promener sur les chemins de Compostelle, visiter des chapelles templi\u00e8res, se laisser surprendre par le Morvan ses lacs et ses grottes, go\u00fbter les douceurs de la table, appr\u00e9cier un bon verre\u2026<\/strong><\/p>\n\n\n\n<p class=\"has-vivid-cyan-blue-color has-text-color has-medium-font-size\"><strong>Un moment pendant lequel chacun peut suivre son chemin sans croiser l&#8217;autre tout simplement pour se retrouver. <\/strong><\/p>\n\n\n\n<p class=\"has-vivid-purple-color has-text-color has-link-color has-medium-font-size wp-elements-29829fdf6cf031b102031735ff086c69\"><strong>Le 3 chacun fait sa vie \u00e0 son rythme, compose son repas, mange \u00e0 l&#8217;heure qui lui convient, se l\u00e8ve et se couche quand il veut et fait sa sieste entre minuit et midi ou \u00e0 un autre momen<\/strong>t<\/p>\n\n\n\n<p class=\"has-vivid-cyan-blue-color has-text-color has-medium-font-size\"><strong>Le 3 c&#8217;est aussi le plaisir de partager des moments de convivialit\u00e9 autour d&#8217;un saucisson, d&#8217;une douceur, d&#8217;une bouteille de vin ou d&#8217;une simple tasse de th\u00e9.<\/strong> <strong>Sans oublier le choix de se faire un restaurant<\/strong><\/p>\n\n\n\n<p class=\"has-vivid-purple-color has-text-color has-link-color has-medium-font-size wp-elements-10829d603803927e8e83b94289145912\"><strong>En \u00e9t\u00e9 il y a une grande table de brasserie avec des bancs sous le tilleul pour prendre son repas \u00e0 l&#8217;ext\u00e9rieur. Moment de rencontre agr\u00e9able<\/strong><\/p>\n\n\n\n<p class=\"has-vivid-cyan-blue-color has-text-color has-link-color has-medium-font-size wp-elements-4dc5f9bb89f3d8d6ddbf431737f05712\"><strong>Le soleil est le compagnon du lieu, la terrasse de fin de journ\u00e9e accueille les ap\u00e9ritifs dans des chaises longues autrement le tilleul procure son ombre.<\/strong><\/p>\n\n\n\n<p class=\"has-vivid-purple-color has-text-color has-medium-font-size\"><strong>Le 3 c&#8217;est \u00e9galement parler du projet d&#8217;une journ\u00e9e ou de raconter celle qui vient de s&#8217;\u00e9couler<\/strong>.<\/p>\n\n\n\n<p class=\"has-vivid-cyan-blue-color has-text-color has-medium-font-size\"><strong>Le 3 est aussi le havre de paix de celui qui a besoin de tranquillit\u00e9, \u00eatre enfin seul sans \u00eatre seul .<\/strong><\/p>\n\n\n\n<p class=\"has-vivid-purple-color has-text-color has-medium-font-size\"><strong>Le 3 est un lieu de libert\u00e9 o\u00f9 chacun va et chacun vient \u00e0 son aise.<\/strong><\/p>\n\n\n\n<p class=\"has-vivid-cyan-blue-color has-text-color has-medium-font-size\"><strong>Avec nos petits enfants nous avons \u00e9dit\u00e9 des r\u00e8gles pour tous, l&#8217;une d&#8217;elles conviendra au plus malin :<\/strong><\/p>\n\n\n\n<p class=\"has-pale-pink-color has-text-color\"><strong>d\u00e9fendu de rire<\/strong><\/p>\n\n\n\n<p class=\"has-vivid-red-color has-text-color\"><strong>d\u00e9fendu de r\u00eaver<\/strong><\/p>\n\n\n\n<p class=\"has-luminous-vivid-orange-color has-text-color\"><strong>d\u00e9fendu de jouer<\/strong><\/p>\n\n\n\n<p class=\"has-luminous-vivid-amber-color has-text-color\"><strong>d\u00e9fendu de parler<\/strong><\/p>\n\n\n\n<p class=\"has-light-green-cyan-color has-text-color\"><strong>d\u00e9fendu de se reposer<\/strong><\/p>\n\n\n\n<p class=\"has-vivid-green-cyan-color has-text-color\"><strong>d\u00e9fendu d&#8217;\u00eatre heureux<\/strong><\/p>\n\n\n\n<p class=\"has-pale-cyan-blue-color has-text-color\"><strong>d\u00e9fendu de regarder les \u00e9toiles<\/strong><\/p>\n\n\n\n<p class=\"has-vivid-cyan-blue-color has-text-color\"><strong>d\u00e9fendu de se promener<\/strong><\/p>\n\n\n\n<p class=\"has-vivid-purple-color has-text-color\"><strong>d\u00e9fendu de prendre un go\u00fbter<\/strong><\/p>\n\n\n\n<p class=\"has-cyan-bluish-gray-color has-text-color\"><strong>d\u00e9fendu de regarder la t\u00e9l\u00e9<\/strong><\/p>\n\n\n\n<p><strong>d\u00e9fendu de d\u00e9fendre<\/strong><\/p>\n","protected":false},"excerpt":{"rendered":"<p>Un moment au calme, au vert\u2026 Venir au 3 c\u2019est vivre un moment de calme, flairer l\u2019histoire de V\u00e9zelay, se promener sur les chemins de Compostelle, visiter des chapelles templi\u00e8res, se laisser surprendre par le Morvan ses lacs et ses grottes, go\u00fbter les douceurs de la table, appr\u00e9cier un bon verre\u2026 Un moment pendant lequel &hellip; <\/p>\n<p class=\"link-more\"><a href=\"https:\/\/le3.ovh\/index.php\/charte\/\" class=\"more-link\">Continue reading<span class=\"screen-reader-text\"> &#8220;Charte&#8221;<\/span><\/a><\/p>\n","protected":false},"author":1,"featured_media":0,"parent":0,"menu_order":0,"comment_status":"closed","ping_status":"closed","template":"","meta":{"footnotes":""},"class_list":["post-375","page","type-page","status-publish","hentry"],"_links":{"self":[{"href":"https:\/\/le3.ovh\/index.php\/wp-json\/wp\/v2\/pages\/375","targetHints":{"allow":["GET"]}}],"collection":[{"href":"https:\/\/le3.ovh\/index.php\/wp-json\/wp\/v2\/pages"}],"about":[{"href":"https:\/\/le3.ovh\/index.php\/wp-json\/wp\/v2\/types\/page"}],"author":[{"embeddable":true,"href":"https:\/\/le3.ovh\/index.php\/wp-json\/wp\/v2\/users\/1"}],"replies":[{"embeddable":true,"href":"https:\/\/le3.ovh\/index.php\/wp-json\/wp\/v2\/comments?post=375"}],"version-history":[{"count":4,"href":"https:\/\/le3.ovh\/index.php\/wp-json\/wp\/v2\/pages\/375\/revisions"}],"predecessor-version":[{"id":407,"href":"https:\/\/le3.ovh\/index.php\/wp-json\/wp\/v2\/pages\/375\/revisions\/407"}],"wp:attachment":[{"href":"https:\/\/le3.ovh\/index.php\/wp-json\/wp\/v2\/media?parent=375"}],"curies":[{"name":"wp","href":"https:\/\/api.w.org\/{rel}","templated":true}]}}