{"id":334,"date":"2022-08-04T14:51:31","date_gmt":"2022-08-04T12:51:31","guid":{"rendered":"http:\/\/le3.ovh\/?page_id=334"},"modified":"2025-06-27T11:02:47","modified_gmt":"2025-06-27T09:02:47","slug":"les-boutique-a-decouvrir","status":"publish","type":"page","link":"https:\/\/le3.ovh\/index.php\/pour-venir\/les-boutique-a-decouvrir\/","title":{"rendered":"Les boutiques \u00e0 d\u00e9couvrir"},"content":{"rendered":"\n<p><strong>Attention l&#8217;essentiel de l&#8217;activit\u00e9 va de juin \u00e0 septembre, devant l&#8217;affluence relative des touristes certains commer\u00e7ants peuvent ne pas \u00eatre au sommet de l&#8217;amabilit\u00e9, dommage&#8230;<\/strong><\/p>\n\n\n\n<p><strong> <\/strong><\/p>\n\n\n\n<h1 class=\"wp-block-heading\"><strong>Souvenirs et exotisme incontournable \u00e0 Pontaubert <\/strong>\ud83d\udc4d\ud83d\udc4d  \ud83d\udc4d<\/h1>\n\n\n\n<p class=\"has-vivid-cyan-blue-color has-text-color\"><strong>N&#8217;h\u00e9sitez pas \u00e0 passer la Brocante du N\u00e9pal \u00e0 Pontaubert c&#8217;est un r\u00e9gal de cadeaux \u00e0 faire ou \u00e0 s&#8217;offrir. Toujours t\u00e9l\u00e9phoner avant d&#8217;y aller 0681789632<\/strong><\/p>\n\n\n\n<p class=\"has-vivid-cyan-blue-color has-text-color\"><strong>Le Cousin du N\u00e9pal est un jeu de mots : le Cousin est le nom de la rivi\u00e8re qui passe devant le magasin et le N\u00e9pal car le commer\u00e7ant est un passionn\u00e9 de cette r\u00e9gion.<\/strong><\/p>\n\n\n\n<p class=\"has-vivid-cyan-blue-color has-text-color\"><strong>Vous y trouverez une foison de vieux objets et surtout des bijoux, textiles, encens et objets du N\u00e9pal<\/strong><\/p>\n\n\n\n<p class=\"has-vivid-cyan-blue-color has-text-color\"><strong>Ouvert du mardi au vendredi de 11:00 \u00e0 18:00 et le samedi de 12:00 \u00e0 18:00 il vaut mieux passer un coup de fil pour s&#8217;assurer de l&#8217;ouverture du magasin 0681789682<\/strong><\/p>\n\n\n\n<p class=\"has-vivid-cyan-blue-color has-text-color\"><strong><a href=\"https:\/\/lecousindunepal.fr\/\">Le site internet<\/a><\/strong>           <a href=\"https:\/\/www.facebook.com\/LeCousinDuNepal\/\">Lien Facebook<\/a><\/p>\n\n\n\n<figure class=\"wp-block-gallery has-nested-images columns-default is-cropped wp-block-gallery-1 is-layout-flex wp-block-gallery-is-layout-flex\">\n<figure class=\"wp-block-image size-large\"><img loading=\"lazy\" decoding=\"async\" width=\"4032\" height=\"3024\" data-id=\"311\" src=\"http:\/\/le3.ovh\/wp-content\/uploads\/2021\/08\/IMG_0265.jpg\" alt=\"\" class=\"wp-image-311\" srcset=\"https:\/\/le3.ovh\/wp-content\/uploads\/2021\/08\/IMG_0265.jpg 4032w, https:\/\/le3.ovh\/wp-content\/uploads\/2021\/08\/IMG_0265-300x225.jpg 300w, https:\/\/le3.ovh\/wp-content\/uploads\/2021\/08\/IMG_0265-768x576.jpg 768w, https:\/\/le3.ovh\/wp-content\/uploads\/2021\/08\/IMG_0265-1024x768.jpg 1024w\" sizes=\"auto, (max-width: 706px) 89vw, (max-width: 767px) 82vw, 740px\" \/><\/figure>\n<\/figure>\n\n\n\n<h1 class=\"wp-block-heading\"><strong>Librairie \u00e9sot\u00e9rique<\/strong>  *** \u00e0 ne pas manquer \u00e0 <strong>V\u00e9zelay<\/strong> \ud83d\udc4d\ud83d\udc4d\ud83d\udc4d<\/h1>\n\n\n\n<p class=\"has-text-color has-medium-font-size\" style=\"color:#001fa3\">L&#8217;or des \u00e9toiles. \u00e0 V\u00e9zelay dans la mont\u00e9e vers la basilique. Simplement magique avec une biblioth\u00e8que hors du commun, impossible de sortir du magasin sans avoir achet\u00e9.<\/p>\n\n\n\n<p class=\"has-text-align-center has-text-color\" style=\"color:#0077a3\"><a href=\"http:\/\/www.ordesetoiles.fr\">www.ordesetoiles.fr<\/a><\/p>\n\n\n\n<figure class=\"wp-block-gallery has-nested-images columns-default is-cropped wp-block-gallery-2 is-layout-flex wp-block-gallery-is-layout-flex\">\n<figure class=\"wp-block-image size-large\"><img loading=\"lazy\" decoding=\"async\" width=\"4032\" height=\"3024\" data-id=\"146\" src=\"http:\/\/le3.ovh\/wp-content\/uploads\/2019\/10\/IMG_0971.jpg\" alt=\"\" class=\"wp-image-146\" srcset=\"https:\/\/le3.ovh\/wp-content\/uploads\/2019\/10\/IMG_0971.jpg 4032w, https:\/\/le3.ovh\/wp-content\/uploads\/2019\/10\/IMG_0971-300x225.jpg 300w, https:\/\/le3.ovh\/wp-content\/uploads\/2019\/10\/IMG_0971-768x576.jpg 768w, https:\/\/le3.ovh\/wp-content\/uploads\/2019\/10\/IMG_0971-1024x768.jpg 1024w\" sizes=\"auto, (max-width: 706px) 89vw, (max-width: 767px) 82vw, 740px\" \/><\/figure>\n<\/figure>\n\n\n\n<h2 class=\"wp-block-heading\"><strong>Caf\u00e9, th\u00e9 ou chocolat<\/strong> *** \u00e0 d\u00e9guster \u00e0 <strong>V\u00e9zelay<\/strong><\/h2>\n\n\n\n<p class=\"has-text-color has-medium-font-size\" style=\"color:#0046a3\">Les Macarons de Charlou, juste avant la basilique, pour un go\u00fbter gourmand, des macarons fondants, th\u00e9 Mariage Fr\u00e8res.<\/p>\n\n\n\n<p class=\"has-text-align-center has-text-color has-medium-font-size\" style=\"color:#0068a3\"><a href=\"http:\/\/www.macarons-de-charlou.com\">www.macarons-de-charlou.com<\/a><\/p>\n\n\n\n<figure class=\"wp-block-gallery has-nested-images columns-default is-cropped wp-block-gallery-3 is-layout-flex wp-block-gallery-is-layout-flex\">\n<figure class=\"wp-block-image size-large\"><img loading=\"lazy\" decoding=\"async\" width=\"1284\" height=\"844\" data-id=\"346\" src=\"http:\/\/le3.ovh\/wp-content\/uploads\/2022\/08\/macaron.jpeg\" alt=\"\" class=\"wp-image-346\" srcset=\"https:\/\/le3.ovh\/wp-content\/uploads\/2022\/08\/macaron.jpeg 1284w, https:\/\/le3.ovh\/wp-content\/uploads\/2022\/08\/macaron-300x197.jpeg 300w, https:\/\/le3.ovh\/wp-content\/uploads\/2022\/08\/macaron-1024x673.jpeg 1024w, https:\/\/le3.ovh\/wp-content\/uploads\/2022\/08\/macaron-768x505.jpeg 768w\" sizes=\"auto, (max-width: 706px) 89vw, (max-width: 767px) 82vw, 740px\" \/><\/figure>\n<\/figure>\n\n\n\n<p class=\"has-medium-font-size\"><strong>Bijoutier de V\u00e9zelay<\/strong> \ud83d\udc4d \ud83d\udc4d\ud83d\udc4d<\/p>\n\n\n\n<p>Il ne reste que 3 artisans en France qui travaillent l&#8217;argent par martelage, Un alliage particuli\u00e8rement soign\u00e9, peu de cuivre et par cons\u00e9quent une tr\u00e8s faible oxydation avec le temps. L&#8217;\u00e9choppe est juste \u00e0 gauche de la Basilique.<\/p>\n\n\n\n<p>Cr\u00e9ation de bijoux, colliers, bagues, boucles de ceinture, torque etc.<\/p>\n\n\n\n<figure class=\"wp-block-gallery has-nested-images columns-default is-cropped wp-block-gallery-4 is-layout-flex wp-block-gallery-is-layout-flex\">\n<figure class=\"wp-block-image size-large\"><img loading=\"lazy\" decoding=\"async\" width=\"2560\" height=\"810\" data-id=\"350\" src=\"http:\/\/le3.ovh\/wp-content\/uploads\/2022\/08\/IMG_1305-2-scaled-e1659619430571.jpg\" alt=\"\" class=\"wp-image-350\" srcset=\"https:\/\/le3.ovh\/wp-content\/uploads\/2022\/08\/IMG_1305-2-scaled-e1659619430571.jpg 2560w, https:\/\/le3.ovh\/wp-content\/uploads\/2022\/08\/IMG_1305-2-scaled-e1659619430571-300x95.jpg 300w, https:\/\/le3.ovh\/wp-content\/uploads\/2022\/08\/IMG_1305-2-scaled-e1659619430571-1024x324.jpg 1024w, https:\/\/le3.ovh\/wp-content\/uploads\/2022\/08\/IMG_1305-2-scaled-e1659619430571-768x243.jpg 768w, https:\/\/le3.ovh\/wp-content\/uploads\/2022\/08\/IMG_1305-2-scaled-e1659619430571-1536x486.jpg 1536w, https:\/\/le3.ovh\/wp-content\/uploads\/2022\/08\/IMG_1305-2-scaled-e1659619430571-2048x648.jpg 2048w\" sizes=\"auto, (max-width: 706px) 89vw, (max-width: 767px) 82vw, 740px\" \/><\/figure>\n<\/figure>\n\n\n\n<figure class=\"wp-block-gallery has-nested-images columns-default is-cropped wp-block-gallery-5 is-layout-flex wp-block-gallery-is-layout-flex\">\n<figure class=\"wp-block-image size-large\"><img loading=\"lazy\" decoding=\"async\" width=\"2560\" height=\"1920\" data-id=\"352\" src=\"http:\/\/le3.ovh\/wp-content\/uploads\/2022\/08\/IMG_1306-scaled.jpg\" alt=\"\" class=\"wp-image-352\" srcset=\"https:\/\/le3.ovh\/wp-content\/uploads\/2022\/08\/IMG_1306-scaled.jpg 2560w, https:\/\/le3.ovh\/wp-content\/uploads\/2022\/08\/IMG_1306-300x225.jpg 300w, https:\/\/le3.ovh\/wp-content\/uploads\/2022\/08\/IMG_1306-1024x768.jpg 1024w, https:\/\/le3.ovh\/wp-content\/uploads\/2022\/08\/IMG_1306-768x576.jpg 768w, https:\/\/le3.ovh\/wp-content\/uploads\/2022\/08\/IMG_1306-1536x1152.jpg 1536w, https:\/\/le3.ovh\/wp-content\/uploads\/2022\/08\/IMG_1306-2048x1536.jpg 2048w\" sizes=\"auto, (max-width: 706px) 89vw, (max-width: 767px) 82vw, 740px\" \/><\/figure>\n\n\n\n<figure class=\"wp-block-image size-large\"><img loading=\"lazy\" decoding=\"async\" width=\"1920\" height=\"2560\" data-id=\"353\" src=\"http:\/\/le3.ovh\/wp-content\/uploads\/2022\/08\/IMG_1308-2-scaled.jpg\" alt=\"\" class=\"wp-image-353\" srcset=\"https:\/\/le3.ovh\/wp-content\/uploads\/2022\/08\/IMG_1308-2-scaled.jpg 1920w, https:\/\/le3.ovh\/wp-content\/uploads\/2022\/08\/IMG_1308-2-225x300.jpg 225w, https:\/\/le3.ovh\/wp-content\/uploads\/2022\/08\/IMG_1308-2-768x1024.jpg 768w, https:\/\/le3.ovh\/wp-content\/uploads\/2022\/08\/IMG_1308-2-1152x1536.jpg 1152w, https:\/\/le3.ovh\/wp-content\/uploads\/2022\/08\/IMG_1308-2-1536x2048.jpg 1536w\" sizes=\"auto, (max-width: 706px) 89vw, (max-width: 767px) 82vw, 740px\" \/><\/figure>\n<\/figure>\n\n\n\n<h2 class=\"wp-block-heading\"><strong>Atelier D\u00e9co \u00e0 Saint P\u00e8re<\/strong> \ud83d\udc4d \ud83d\udc4d<\/h2>\n\n\n\n<p><strong>Une immersion dans le tuning, l&#8217;originalit\u00e9 et la cr\u00e9ativit\u00e9&#8230;<\/strong><\/p>\n\n\n\n<figure class=\"wp-block-gallery has-nested-images columns-default is-cropped wp-block-gallery-6 is-layout-flex wp-block-gallery-is-layout-flex\">\n<figure class=\"wp-block-image size-large\"><img loading=\"lazy\" decoding=\"async\" width=\"2560\" height=\"1696\" data-id=\"358\" src=\"http:\/\/le3.ovh\/wp-content\/uploads\/2022\/08\/deco-scaled.jpg\" alt=\"\" class=\"wp-image-358\" srcset=\"https:\/\/le3.ovh\/wp-content\/uploads\/2022\/08\/deco-scaled.jpg 2560w, https:\/\/le3.ovh\/wp-content\/uploads\/2022\/08\/deco-300x199.jpg 300w, https:\/\/le3.ovh\/wp-content\/uploads\/2022\/08\/deco-1024x678.jpg 1024w, https:\/\/le3.ovh\/wp-content\/uploads\/2022\/08\/deco-768x509.jpg 768w, https:\/\/le3.ovh\/wp-content\/uploads\/2022\/08\/deco-1536x1017.jpg 1536w, https:\/\/le3.ovh\/wp-content\/uploads\/2022\/08\/deco-2048x1357.jpg 2048w\" sizes=\"auto, (max-width: 706px) 89vw, (max-width: 767px) 82vw, 740px\" \/><\/figure>\n<\/figure>\n\n\n\n<h2 class=\"wp-block-heading\"><strong>Atelier Verrier<\/strong> \u00e0 Saint P\u00e8re \ud83d\udc4d\ud83d\udc4d<\/h2>\n\n\n\n<p>Grisaille -Fusing &#8211; Plomb &#8211; Tiffany. un atelier de Cr\u00e9ation. Monsieur est verrier, madame cr\u00e9e des lampes. L&#8217;atelier est un petit bijou d&#8217;originalit\u00e9s<\/p>\n\n\n\n<figure class=\"wp-block-gallery has-nested-images columns-default is-cropped wp-block-gallery-7 is-layout-flex wp-block-gallery-is-layout-flex\">\n<figure class=\"wp-block-image size-large\"><img loading=\"lazy\" decoding=\"async\" width=\"1728\" height=\"2560\" data-id=\"385\" src=\"http:\/\/le3.ovh\/wp-content\/uploads\/2022\/08\/verrier-scaled.jpg\" alt=\"\" class=\"wp-image-385\" srcset=\"https:\/\/le3.ovh\/wp-content\/uploads\/2022\/08\/verrier-scaled.jpg 1728w, https:\/\/le3.ovh\/wp-content\/uploads\/2022\/08\/verrier-203x300.jpg 203w, https:\/\/le3.ovh\/wp-content\/uploads\/2022\/08\/verrier-691x1024.jpg 691w, https:\/\/le3.ovh\/wp-content\/uploads\/2022\/08\/verrier-768x1138.jpg 768w, https:\/\/le3.ovh\/wp-content\/uploads\/2022\/08\/verrier-1037x1536.jpg 1037w, https:\/\/le3.ovh\/wp-content\/uploads\/2022\/08\/verrier-1383x2048.jpg 1383w\" sizes=\"auto, (max-width: 706px) 89vw, (max-width: 767px) 82vw, 740px\" \/><\/figure>\n<\/figure>\n","protected":false},"excerpt":{"rendered":"<p>Attention l&#8217;essentiel de l&#8217;activit\u00e9 va de juin \u00e0 septembre, devant l&#8217;affluence relative des touristes certains commer\u00e7ants peuvent ne pas \u00eatre au sommet de l&#8217;amabilit\u00e9, dommage&#8230; Souvenirs et exotisme incontournable \u00e0 Pontaubert \ud83d\udc4d\ud83d\udc4d \ud83d\udc4d N&#8217;h\u00e9sitez pas \u00e0 passer la Brocante du N\u00e9pal \u00e0 Pontaubert c&#8217;est un r\u00e9gal de cadeaux \u00e0 faire ou \u00e0 s&#8217;offrir. Toujours t\u00e9l\u00e9phoner &hellip; <\/p>\n<p class=\"link-more\"><a href=\"https:\/\/le3.ovh\/index.php\/pour-venir\/les-boutique-a-decouvrir\/\" class=\"more-link\">Continue reading<span class=\"screen-reader-text\"> &#8220;Les boutiques \u00e0 d\u00e9couvrir&#8221;<\/span><\/a><\/p>\n","protected":false},"author":1,"featured_media":0,"parent":92,"menu_order":8,"comment_status":"closed","ping_status":"closed","template":"","meta":{"footnotes":""},"class_list":["post-334","page","type-page","status-publish","hentry"],"_links":{"self":[{"href":"https:\/\/le3.ovh\/index.php\/wp-json\/wp\/v2\/pages\/334","targetHints":{"allow":["GET"]}}],"collection":[{"href":"https:\/\/le3.ovh\/index.php\/wp-json\/wp\/v2\/pages"}],"about":[{"href":"https:\/\/le3.ovh\/index.php\/wp-json\/wp\/v2\/types\/page"}],"author":[{"embeddable":true,"href":"https:\/\/le3.ovh\/index.php\/wp-json\/wp\/v2\/users\/1"}],"replies":[{"embeddable":true,"href":"https:\/\/le3.ovh\/index.php\/wp-json\/wp\/v2\/comments?post=334"}],"version-history":[{"count":13,"href":"https:\/\/le3.ovh\/index.php\/wp-json\/wp\/v2\/pages\/334\/revisions"}],"predecessor-version":[{"id":386,"href":"https:\/\/le3.ovh\/index.php\/wp-json\/wp\/v2\/pages\/334\/revisions\/386"}],"up":[{"embeddable":true,"href":"https:\/\/le3.ovh\/index.php\/wp-json\/wp\/v2\/pages\/92"}],"wp:attachment":[{"href":"https:\/\/le3.ovh\/index.php\/wp-json\/wp\/v2\/media?parent=334"}],"curies":[{"name":"wp","href":"https:\/\/api.w.org\/{rel}","templated":true}]}}