{"id":193,"date":"2019-10-13T18:55:47","date_gmt":"2019-10-13T16:55:47","guid":{"rendered":"http:\/\/le3.ovh\/?page_id=193"},"modified":"2022-08-04T16:53:24","modified_gmt":"2022-08-04T14:53:24","slug":"vezelay","status":"publish","type":"page","link":"https:\/\/le3.ovh\/index.php\/pour-venir\/vezelay\/","title":{"rendered":"V\u00e9zelay"},"content":{"rendered":"\n<div class=\"wp-block-image\"><figure class=\"aligncenter is-resized\"><img loading=\"lazy\" decoding=\"async\" src=\"http:\/\/le3.ovh\/wp-content\/uploads\/2019\/10\/IMG_1023-e1570985137960-459x1024.jpg\" alt=\"\" class=\"wp-image-188\" width=\"345\" height=\"769\" srcset=\"https:\/\/le3.ovh\/wp-content\/uploads\/2019\/10\/IMG_1023-e1570985137960-459x1024.jpg 459w, https:\/\/le3.ovh\/wp-content\/uploads\/2019\/10\/IMG_1023-e1570985137960-135x300.jpg 135w, https:\/\/le3.ovh\/wp-content\/uploads\/2019\/10\/IMG_1023-e1570985137960-768x1712.jpg 768w, https:\/\/le3.ovh\/wp-content\/uploads\/2019\/10\/IMG_1023-e1570985137960.jpg 1635w\" sizes=\"auto, (max-width: 345px) 100vw, 345px\" \/><\/figure><\/div>\n\n\n\n<p style=\"color:#0800a3\" class=\"has-text-color has-medium-font-size\">V\u00e9zelay est une cit\u00e9e m\u00e9di\u00e9vale avec ses remparts, ses portes fortifi\u00e9es et sa basilique.<\/p>\n\n\n\n<p style=\"color:#0010a3\" class=\"has-text-color has-medium-font-size\">V\u00e9zelay se visite le matin, dans la journ\u00e9e et en soir\u00e9e, m\u00eame tr\u00e8s tard, l&#8217;ambiance est \u00e0 chaque fois autre..<\/p>\n\n\n\n<p style=\"color:#006da3;text-align:center\" class=\"has-text-color has-medium-font-size\"><a href=\"http:\/\/www.vezelay-visiteur.com\">www.vezelay-visiteur.com<\/a><\/p>\n\n\n\n<figure class=\"wp-block-image\"><img loading=\"lazy\" decoding=\"async\" width=\"1010\" height=\"757\" src=\"http:\/\/le3.ovh\/wp-content\/uploads\/2019\/10\/UNADJUSTEDNONRAW_thumb_3f9.jpg\" alt=\"\" class=\"wp-image-220\" srcset=\"https:\/\/le3.ovh\/wp-content\/uploads\/2019\/10\/UNADJUSTEDNONRAW_thumb_3f9.jpg 1010w, https:\/\/le3.ovh\/wp-content\/uploads\/2019\/10\/UNADJUSTEDNONRAW_thumb_3f9-300x225.jpg 300w, https:\/\/le3.ovh\/wp-content\/uploads\/2019\/10\/UNADJUSTEDNONRAW_thumb_3f9-768x576.jpg 768w\" sizes=\"auto, (max-width: 706px) 89vw, (max-width: 767px) 82vw, 740px\" \/><\/figure>\n\n\n\n<p style=\"color:#0024a3;text-align:center\" class=\"has-text-color has-medium-font-size\">Chaque ann\u00e9e au solstice d&#8217;\u00e9t\u00e9 9 t\u00e2ches de lumi\u00e8res traversent la basilique Sainte Madeleine<\/p>\n\n\n\n<p style=\"color:#0077a3;text-align:center\" class=\"has-text-color has-medium-font-size\"><a href=\"https:\/\/www.francebleu.fr\/infos\/culture-loisirs\/chaque-annee-autour-du-solstice-d-ete-la-basilique-de-vezelay-montre-son-chemin-de-lumieres-1498156533\">Le chemin de lumi\u00e8re au solstice d&#8217;\u00e9t\u00e9<\/a><\/p>\n\n\n\n<figure class=\"wp-block-image\"><img loading=\"lazy\" decoding=\"async\" width=\"1024\" height=\"521\" src=\"http:\/\/le3.ovh\/wp-content\/uploads\/2019\/10\/IMG_1A9180556CCB-1-1024x521.jpg\" alt=\"\" class=\"wp-image-239\" srcset=\"https:\/\/le3.ovh\/wp-content\/uploads\/2019\/10\/IMG_1A9180556CCB-1-1024x521.jpg 1024w, https:\/\/le3.ovh\/wp-content\/uploads\/2019\/10\/IMG_1A9180556CCB-1-300x153.jpg 300w, https:\/\/le3.ovh\/wp-content\/uploads\/2019\/10\/IMG_1A9180556CCB-1-768x391.jpg 768w\" sizes=\"auto, (max-width: 706px) 89vw, (max-width: 767px) 82vw, 740px\" \/><\/figure>\n\n\n\n<figure class=\"wp-block-image\"><img loading=\"lazy\" decoding=\"async\" width=\"641\" height=\"935\" src=\"http:\/\/le3.ovh\/wp-content\/uploads\/2019\/10\/UNADJUSTEDNONRAW_thumb_8b5.jpg\" alt=\"\" class=\"wp-image-221\" srcset=\"https:\/\/le3.ovh\/wp-content\/uploads\/2019\/10\/UNADJUSTEDNONRAW_thumb_8b5.jpg 641w, https:\/\/le3.ovh\/wp-content\/uploads\/2019\/10\/UNADJUSTEDNONRAW_thumb_8b5-206x300.jpg 206w\" sizes=\"auto, (max-width: 641px) 100vw, 641px\" \/><\/figure>\n\n\n\n<figure class=\"wp-block-image\"><img loading=\"lazy\" decoding=\"async\" width=\"768\" height=\"1024\" src=\"http:\/\/le3.ovh\/wp-content\/uploads\/2019\/10\/UNADJUSTEDNONRAW_thumb_401-768x1024.jpg\" alt=\"\" class=\"wp-image-223\" srcset=\"https:\/\/le3.ovh\/wp-content\/uploads\/2019\/10\/UNADJUSTEDNONRAW_thumb_401.jpg 768w, https:\/\/le3.ovh\/wp-content\/uploads\/2019\/10\/UNADJUSTEDNONRAW_thumb_401-225x300.jpg 225w\" sizes=\"auto, (max-width: 706px) 89vw, (max-width: 767px) 82vw, 740px\" \/><\/figure>\n\n\n\n<figure class=\"wp-block-image\"><img loading=\"lazy\" decoding=\"async\" width=\"768\" height=\"1024\" src=\"http:\/\/le3.ovh\/wp-content\/uploads\/2019\/10\/UNADJUSTEDNONRAW_thumb_400-768x1024.jpg\" alt=\"\" class=\"wp-image-224\" srcset=\"https:\/\/le3.ovh\/wp-content\/uploads\/2019\/10\/UNADJUSTEDNONRAW_thumb_400.jpg 768w, https:\/\/le3.ovh\/wp-content\/uploads\/2019\/10\/UNADJUSTEDNONRAW_thumb_400-225x300.jpg 225w\" sizes=\"auto, (max-width: 706px) 89vw, (max-width: 767px) 82vw, 740px\" \/><\/figure>\n\n\n\n<figure class=\"wp-block-image\"><img loading=\"lazy\" decoding=\"async\" width=\"768\" height=\"1024\" src=\"http:\/\/le3.ovh\/wp-content\/uploads\/2019\/10\/UNADJUSTEDNONRAW_thumb_3fc-768x1024.jpg\" alt=\"\" class=\"wp-image-225\" srcset=\"https:\/\/le3.ovh\/wp-content\/uploads\/2019\/10\/UNADJUSTEDNONRAW_thumb_3fc.jpg 768w, https:\/\/le3.ovh\/wp-content\/uploads\/2019\/10\/UNADJUSTEDNONRAW_thumb_3fc-225x300.jpg 225w\" sizes=\"auto, (max-width: 706px) 89vw, (max-width: 767px) 82vw, 740px\" \/><\/figure>\n\n\n\n<figure class=\"wp-block-image\"><img loading=\"lazy\" decoding=\"async\" width=\"768\" height=\"1024\" src=\"http:\/\/le3.ovh\/wp-content\/uploads\/2019\/10\/UNADJUSTEDNONRAW_thumb_37c-768x1024.jpg\" alt=\"\" class=\"wp-image-227\" srcset=\"https:\/\/le3.ovh\/wp-content\/uploads\/2019\/10\/UNADJUSTEDNONRAW_thumb_37c.jpg 768w, https:\/\/le3.ovh\/wp-content\/uploads\/2019\/10\/UNADJUSTEDNONRAW_thumb_37c-225x300.jpg 225w\" sizes=\"auto, (max-width: 706px) 89vw, (max-width: 767px) 82vw, 740px\" \/><\/figure>\n\n\n\n<figure class=\"wp-block-image\"><img loading=\"lazy\" decoding=\"async\" width=\"750\" height=\"1000\" src=\"http:\/\/le3.ovh\/wp-content\/uploads\/2019\/10\/UNADJUSTEDNONRAW_thumb_89c.jpg\" alt=\"\" class=\"wp-image-222\" srcset=\"https:\/\/le3.ovh\/wp-content\/uploads\/2019\/10\/UNADJUSTEDNONRAW_thumb_89c.jpg 750w, https:\/\/le3.ovh\/wp-content\/uploads\/2019\/10\/UNADJUSTEDNONRAW_thumb_89c-225x300.jpg 225w\" sizes=\"auto, (max-width: 706px) 89vw, (max-width: 767px) 82vw, 740px\" \/><\/figure>\n\n\n\n<figure class=\"wp-block-image\"><img loading=\"lazy\" decoding=\"async\" width=\"1024\" height=\"768\" src=\"http:\/\/le3.ovh\/wp-content\/uploads\/2019\/10\/IMG_0975-1024x768.jpg\" alt=\"\" class=\"wp-image-149\" srcset=\"https:\/\/le3.ovh\/wp-content\/uploads\/2019\/10\/IMG_0975-1024x768.jpg 1024w, https:\/\/le3.ovh\/wp-content\/uploads\/2019\/10\/IMG_0975-300x225.jpg 300w, https:\/\/le3.ovh\/wp-content\/uploads\/2019\/10\/IMG_0975-768x576.jpg 768w\" sizes=\"auto, (max-width: 706px) 89vw, (max-width: 767px) 82vw, 740px\" \/><\/figure>\n\n\n\n<figure class=\"wp-block-image\"><img loading=\"lazy\" decoding=\"async\" width=\"1024\" height=\"768\" src=\"http:\/\/le3.ovh\/wp-content\/uploads\/2019\/10\/IMG_0973-1024x768.jpg\" alt=\"\" class=\"wp-image-148\" srcset=\"https:\/\/le3.ovh\/wp-content\/uploads\/2019\/10\/IMG_0973-1024x768.jpg 1024w, https:\/\/le3.ovh\/wp-content\/uploads\/2019\/10\/IMG_0973-300x225.jpg 300w, https:\/\/le3.ovh\/wp-content\/uploads\/2019\/10\/IMG_0973-768x576.jpg 768w\" sizes=\"auto, (max-width: 706px) 89vw, (max-width: 767px) 82vw, 740px\" \/><\/figure>\n\n\n\n<figure class=\"wp-block-image\"><img loading=\"lazy\" decoding=\"async\" width=\"1024\" height=\"768\" src=\"http:\/\/le3.ovh\/wp-content\/uploads\/2019\/10\/IMG_0648-2-1024x768.jpg\" alt=\"\" class=\"wp-image-114\" srcset=\"https:\/\/le3.ovh\/wp-content\/uploads\/2019\/10\/IMG_0648-2-1024x768.jpg 1024w, https:\/\/le3.ovh\/wp-content\/uploads\/2019\/10\/IMG_0648-2-300x225.jpg 300w, https:\/\/le3.ovh\/wp-content\/uploads\/2019\/10\/IMG_0648-2-768x576.jpg 768w\" sizes=\"auto, (max-width: 706px) 89vw, (max-width: 767px) 82vw, 740px\" \/><\/figure>\n\n\n\n<figure class=\"wp-block-image\"><img loading=\"lazy\" decoding=\"async\" width=\"768\" height=\"1024\" src=\"http:\/\/le3.ovh\/wp-content\/uploads\/2019\/10\/IMG_0978-e1570984928475-768x1024.jpg\" alt=\"\" class=\"wp-image-152\" srcset=\"https:\/\/le3.ovh\/wp-content\/uploads\/2019\/10\/IMG_0978-e1570984928475-768x1024.jpg 768w, https:\/\/le3.ovh\/wp-content\/uploads\/2019\/10\/IMG_0978-e1570984928475-225x300.jpg 225w\" sizes=\"auto, (max-width: 706px) 89vw, (max-width: 767px) 82vw, 740px\" \/><\/figure>\n","protected":false},"excerpt":{"rendered":"<p>V\u00e9zelay est une cit\u00e9e m\u00e9di\u00e9vale avec ses remparts, ses portes fortifi\u00e9es et sa basilique. V\u00e9zelay se visite le matin, dans la journ\u00e9e et en soir\u00e9e, m\u00eame tr\u00e8s tard, l&#8217;ambiance est \u00e0 chaque fois autre.. www.vezelay-visiteur.com Chaque ann\u00e9e au solstice d&#8217;\u00e9t\u00e9 9 t\u00e2ches de lumi\u00e8res traversent la basilique Sainte Madeleine Le chemin de lumi\u00e8re au solstice &hellip; <\/p>\n<p class=\"link-more\"><a href=\"https:\/\/le3.ovh\/index.php\/pour-venir\/vezelay\/\" class=\"more-link\">Continue reading<span class=\"screen-reader-text\"> &#8220;V\u00e9zelay&#8221;<\/span><\/a><\/p>\n","protected":false},"author":1,"featured_media":0,"parent":92,"menu_order":6,"comment_status":"closed","ping_status":"closed","template":"","meta":{"footnotes":""},"class_list":["post-193","page","type-page","status-publish","hentry"],"_links":{"self":[{"href":"https:\/\/le3.ovh\/index.php\/wp-json\/wp\/v2\/pages\/193","targetHints":{"allow":["GET"]}}],"collection":[{"href":"https:\/\/le3.ovh\/index.php\/wp-json\/wp\/v2\/pages"}],"about":[{"href":"https:\/\/le3.ovh\/index.php\/wp-json\/wp\/v2\/types\/page"}],"author":[{"embeddable":true,"href":"https:\/\/le3.ovh\/index.php\/wp-json\/wp\/v2\/users\/1"}],"replies":[{"embeddable":true,"href":"https:\/\/le3.ovh\/index.php\/wp-json\/wp\/v2\/comments?post=193"}],"version-history":[{"count":7,"href":"https:\/\/le3.ovh\/index.php\/wp-json\/wp\/v2\/pages\/193\/revisions"}],"predecessor-version":[{"id":254,"href":"https:\/\/le3.ovh\/index.php\/wp-json\/wp\/v2\/pages\/193\/revisions\/254"}],"up":[{"embeddable":true,"href":"https:\/\/le3.ovh\/index.php\/wp-json\/wp\/v2\/pages\/92"}],"wp:attachment":[{"href":"https:\/\/le3.ovh\/index.php\/wp-json\/wp\/v2\/media?parent=193"}],"curies":[{"name":"wp","href":"https:\/\/api.w.org\/{rel}","templated":true}]}}